{"id":33,"date":"2012-02-11T16:54:38","date_gmt":"2012-02-11T16:54:38","guid":{"rendered":"http:\/\/gite-du-petit-bois.leo-webcreativ.com\/?page_id=33"},"modified":"2019-01-07T12:57:40","modified_gmt":"2019-01-07T12:57:40","slug":"accueil","status":"publish","type":"page","link":"https:\/\/www.gitedupetitbois.com\/en\/","title":{"rendered":"Accueil"},"content":{"rendered":"<p>The house greets you as a family or friends to spend your vacation in a cozy environment where you will soon feel<br \/>\nat home.<\/p>\n<p>The house lies between the country and the ocean (10 km) and you will be able to experience the joys of the countryside as well as the proximity to<br \/>\nthe ocean equally, depending on your fancy. This old, freestanding farmhouse has kept its atmosphere intact and is lavishly appointed, authentic, and<br \/>\nhospitable. The landscaped garden is fenced for the children&#8217;s safety and has a swing and a slide.<\/p>\n<p>&#8220;Petit Bois&#8221; offers you a stay just like home in a pleasant<br \/>\nsetting to simply relax.<\/p>","protected":false},"excerpt":{"rendered":"<p>The house greets you as a family or friends to spend your vacation in a cozy environment where you will soon feel at home. The house lies between the country and the ocean (10 km) and you will be able &hellip; <a href=\"https:\/\/www.gitedupetitbois.com\/en\/\">Continue reading <span class=\"meta-nav\">&rarr;<\/span><\/a><\/p>\n","protected":false},"author":3,"featured_media":0,"parent":0,"menu_order":0,"comment_status":"closed","ping_status":"closed","template":"accueil.php","meta":{"_acf_changed":false,"footnotes":""},"class_list":["post-33","page","type-page","status-publish","hentry"],"acf":[],"yoast_head":"<!-- This site is optimized with the Yoast SEO plugin v26.2 - https:\/\/yoast.com\/wordpress\/plugins\/seo\/ -->\n<title>Gite du petit bois est un g\u00eete situ\u00e9 en Vend\u00e9e \u00e0 l&#039;Aiguillon Sur Vie<\/title>\n<meta name=\"robots\" content=\"index, follow, max-snippet:-1, max-image-preview:large, max-video-preview:-1\" \/>\n<link rel=\"canonical\" href=\"https:\/\/www.gitedupetitbois.com\/\" \/>\n<meta name=\"twitter:label1\" content=\"Est. reading time\" \/>\n\t<meta name=\"twitter:data1\" content=\"2 minutes\" \/>\n<script type=\"application\/ld+json\" class=\"yoast-schema-graph\">{\"@context\":\"https:\/\/schema.org\",\"@graph\":[{\"@type\":\"WebPage\",\"@id\":\"https:\/\/www.gitedupetitbois.com\/\",\"url\":\"https:\/\/www.gitedupetitbois.com\/\",\"name\":\"Gite du petit bois est un g\u00eete situ\u00e9 en Vend\u00e9e \u00e0 l'Aiguillon Sur Vie\",\"isPartOf\":{\"@id\":\"https:\/\/www.gitedupetitbois.com\/#website\"},\"datePublished\":\"2012-02-11T16:54:38+00:00\",\"dateModified\":\"2019-01-07T12:57:40+00:00\",\"breadcrumb\":{\"@id\":\"https:\/\/www.gitedupetitbois.com\/#breadcrumb\"},\"inLanguage\":\"en-US\",\"potentialAction\":[{\"@type\":\"ReadAction\",\"target\":[\"https:\/\/www.gitedupetitbois.com\/\"]}]},{\"@type\":\"BreadcrumbList\",\"@id\":\"https:\/\/www.gitedupetitbois.com\/#breadcrumb\",\"itemListElement\":[{\"@type\":\"ListItem\",\"position\":1,\"name\":\"Home\",\"item\":\"https:\/\/www.gitedupetitbois.com\/\"},{\"@type\":\"ListItem\",\"position\":2,\"name\":\"Accueil\"}]},{\"@type\":\"WebSite\",\"@id\":\"https:\/\/www.gitedupetitbois.com\/#website\",\"url\":\"https:\/\/www.gitedupetitbois.com\/\",\"name\":\"Gite du petit bois est un g\u00eete situ\u00e9 en Vend\u00e9e \u00e0 l&#039;Aiguillon Sur Vie\",\"description\":\"\",\"potentialAction\":[{\"@type\":\"SearchAction\",\"target\":{\"@type\":\"EntryPoint\",\"urlTemplate\":\"https:\/\/www.gitedupetitbois.com\/?s={search_term_string}\"},\"query-input\":{\"@type\":\"PropertyValueSpecification\",\"valueRequired\":true,\"valueName\":\"search_term_string\"}}],\"inLanguage\":\"en-US\"}]}<\/script>\n<!-- \/ Yoast SEO plugin. -->","yoast_head_json":{"title":"Gite du petit bois est un g\u00eete situ\u00e9 en Vend\u00e9e \u00e0 l'Aiguillon Sur Vie","robots":{"index":"index","follow":"follow","max-snippet":"max-snippet:-1","max-image-preview":"max-image-preview:large","max-video-preview":"max-video-preview:-1"},"canonical":"https:\/\/www.gitedupetitbois.com\/","twitter_misc":{"Est. reading time":"2 minutes"},"schema":{"@context":"https:\/\/schema.org","@graph":[{"@type":"WebPage","@id":"https:\/\/www.gitedupetitbois.com\/","url":"https:\/\/www.gitedupetitbois.com\/","name":"Gite du petit bois est un g\u00eete situ\u00e9 en Vend\u00e9e \u00e0 l'Aiguillon Sur Vie","isPartOf":{"@id":"https:\/\/www.gitedupetitbois.com\/#website"},"datePublished":"2012-02-11T16:54:38+00:00","dateModified":"2019-01-07T12:57:40+00:00","breadcrumb":{"@id":"https:\/\/www.gitedupetitbois.com\/#breadcrumb"},"inLanguage":"en-US","potentialAction":[{"@type":"ReadAction","target":["https:\/\/www.gitedupetitbois.com\/"]}]},{"@type":"BreadcrumbList","@id":"https:\/\/www.gitedupetitbois.com\/#breadcrumb","itemListElement":[{"@type":"ListItem","position":1,"name":"Home","item":"https:\/\/www.gitedupetitbois.com\/"},{"@type":"ListItem","position":2,"name":"Accueil"}]},{"@type":"WebSite","@id":"https:\/\/www.gitedupetitbois.com\/#website","url":"https:\/\/www.gitedupetitbois.com\/","name":"Gite du petit bois est un g\u00eete situ\u00e9 en Vend\u00e9e \u00e0 l&#039;Aiguillon Sur Vie","description":"","potentialAction":[{"@type":"SearchAction","target":{"@type":"EntryPoint","urlTemplate":"https:\/\/www.gitedupetitbois.com\/?s={search_term_string}"},"query-input":{"@type":"PropertyValueSpecification","valueRequired":true,"valueName":"search_term_string"}}],"inLanguage":"en-US"}]}},"_links":{"self":[{"href":"https:\/\/www.gitedupetitbois.com\/en\/wp-json\/wp\/v2\/pages\/33","targetHints":{"allow":["GET"]}}],"collection":[{"href":"https:\/\/www.gitedupetitbois.com\/en\/wp-json\/wp\/v2\/pages"}],"about":[{"href":"https:\/\/www.gitedupetitbois.com\/en\/wp-json\/wp\/v2\/types\/page"}],"author":[{"embeddable":true,"href":"https:\/\/www.gitedupetitbois.com\/en\/wp-json\/wp\/v2\/users\/3"}],"replies":[{"embeddable":true,"href":"https:\/\/www.gitedupetitbois.com\/en\/wp-json\/wp\/v2\/comments?post=33"}],"version-history":[{"count":33,"href":"https:\/\/www.gitedupetitbois.com\/en\/wp-json\/wp\/v2\/pages\/33\/revisions"}],"predecessor-version":[{"id":484,"href":"https:\/\/www.gitedupetitbois.com\/en\/wp-json\/wp\/v2\/pages\/33\/revisions\/484"}],"wp:attachment":[{"href":"https:\/\/www.gitedupetitbois.com\/en\/wp-json\/wp\/v2\/media?parent=33"}],"curies":[{"name":"wp","href":"https:\/\/api.w.org\/{rel}","templated":true}]}}